{"id":50,"date":"2012-05-03T21:16:30","date_gmt":"2012-05-03T21:16:30","guid":{"rendered":"http:\/\/www.baltogar.com\/web\/?page_id=50"},"modified":"2019-11-04T11:29:57","modified_gmt":"2019-11-04T10:29:57","slug":"aplicaciones","status":"publish","type":"page","link":"https:\/\/www.b3fantech.com\/en\/applications","title":{"rendered":"Applications"},"content":{"rendered":"<p>The range of both axial and centrifugal produced by Baltogar are targeted to the following sectors:<\/p>\n<p><div class=\"subpage\"><a href=\"https:\/\/www.b3fantech.com\/en\/applications\/energy\"><img loading=\"lazy\" decoding=\"async\" width=\"135\" height=\"120\" src=\"https:\/\/www.b3fantech.com\/archivos\/122\/thumb_energia.jpg\" class=\"alignleft wp-post-image\" alt=\"Energ\u00eda\" title=\"Power\" \/><\/a><h2>Power<\/h2>\r\n\t\t\t\t<p style=\"text-align:left;\">Notable power references<\/p>\r\n\t\t\t\t<a class=\"masinfo\" style=\"border-top-color:#E32119\" href=\"https:\/\/www.b3fantech.com\/en\/applications\/energy\"><\/a>\r\n\t\t\t    <\/div><div class=\"subpage\"><a href=\"https:\/\/www.b3fantech.com\/en\/applications\/metals-minerals\"><img loading=\"lazy\" decoding=\"async\" width=\"135\" height=\"120\" src=\"https:\/\/www.b3fantech.com\/archivos\/246\/thumb_metales.jpg\" class=\"alignleft wp-post-image\" alt=\"metales\" title=\"Metals and Minerals\" \/><\/a><h2>Metals and Minerals<\/h2>\r\n\t\t\t\t<p style=\"text-align:left;\"><\/p>\r\n\t\t\t\t<a class=\"masinfo\"  href=\"https:\/\/www.b3fantech.com\/en\/applications\/metals-minerals\"><\/a>\r\n\t\t\t    <\/div><div class=\"subpage\"><a href=\"https:\/\/www.b3fantech.com\/en\/applications\/chemical\"><img loading=\"lazy\" decoding=\"async\" width=\"135\" height=\"120\" src=\"https:\/\/www.b3fantech.com\/archivos\/245\/thumb_quimico.jpg\" class=\"alignleft wp-post-image\" alt=\"quimico\" title=\"Chemical\" \/><\/a><h2>Chemical<\/h2>\r\n\t\t\t\t<p style=\"text-align:left;\"><\/p>\r\n\t\t\t\t<a class=\"masinfo\"  href=\"https:\/\/www.b3fantech.com\/en\/applications\/chemical\"><\/a>\r\n\t\t\t    <\/div><div class=\"subpage\"><a href=\"https:\/\/www.b3fantech.com\/en\/applications\/steel\"><img loading=\"lazy\" decoding=\"async\" width=\"135\" height=\"120\" src=\"https:\/\/www.b3fantech.com\/archivos\/118\/thumb_acero.jpg\" class=\"alignleft wp-post-image\" alt=\"acero\" title=\"Steel\" \/><\/a><h2>Steel<\/h2>\r\n\t\t\t\t<p style=\"text-align:left;\">Notable steel references<\/p>\r\n\t\t\t\t<a class=\"masinfo\" style=\"border-top-color:#009DDB\" href=\"https:\/\/www.b3fantech.com\/en\/applications\/steel\"><\/a>\r\n\t\t\t    <\/div><div class=\"subpage\"><a href=\"https:\/\/www.b3fantech.com\/en\/applications\/paper\"><img loading=\"lazy\" decoding=\"async\" width=\"135\" height=\"120\" src=\"https:\/\/www.b3fantech.com\/archivos\/126\/thumb_papel.jpg\" class=\"alignleft wp-post-image\" alt=\"Papel\" title=\"Paper\" \/><\/a><h2>Paper<\/h2>\r\n\t\t\t\t<p style=\"text-align:left;\">Notable paper industry references<\/p>\r\n\t\t\t\t<a class=\"masinfo\" style=\"border-top-color:#9260A0\" href=\"https:\/\/www.b3fantech.com\/en\/applications\/paper\"><\/a>\r\n\t\t\t    <\/div><div class=\"subpage\"><a href=\"https:\/\/www.b3fantech.com\/en\/applications\/petrochemical\"><img loading=\"lazy\" decoding=\"async\" width=\"135\" height=\"120\" src=\"https:\/\/www.b3fantech.com\/archivos\/130\/thumb_petroquimica.jpg\" class=\"alignleft wp-post-image\" alt=\"Petroqu\u00edmica\" title=\"Petrochemical\" \/><\/a><h2>Petrochemical<\/h2>\r\n\t\t\t\t<p style=\"text-align:left;\">Notable tunnel ventilation references<\/p>\r\n\t\t\t\t<a class=\"masinfo\" style=\"border-top-color:#008A9B\" href=\"https:\/\/www.b3fantech.com\/en\/applications\/petrochemical\"><\/a>\r\n\t\t\t    <\/div><div class=\"subpage\"><a href=\"https:\/\/www.b3fantech.com\/en\/applications\/tunnels\"><img loading=\"lazy\" decoding=\"async\" width=\"135\" height=\"120\" src=\"https:\/\/www.b3fantech.com\/archivos\/134\/thumb_tuneles.jpg\" class=\"alignleft wp-post-image\" alt=\"T\u00faneles\" title=\"Tunnels\" \/><\/a><h2>Tunnels<\/h2>\r\n\t\t\t\t<p style=\"text-align:left;\">Notable tunnel ventilation references<\/p>\r\n\t\t\t\t<a class=\"masinfo\" style=\"border-top-color:#E9AB00\" href=\"https:\/\/www.b3fantech.com\/en\/applications\/tunnels\"><\/a>\r\n\t\t\t    <\/div><div class=\"subpage\"><a href=\"https:\/\/www.b3fantech.com\/en\/applications\/other\"><img loading=\"lazy\" decoding=\"async\" width=\"135\" height=\"120\" src=\"https:\/\/www.b3fantech.com\/archivos\/138\/thumb_otras.jpg\" class=\"alignleft wp-post-image\" alt=\"Otras\" title=\"Other\" \/><\/a><h2>Other<\/h2>\r\n\t\t\t\t<p style=\"text-align:left;\">(Espa\u00f1ol) Otras aplicaciones: Cementeras, Petr\u00f3leo y Gas, Qu\u00edmica y farmac\u00e9utica, Ventilaci\u00f3n de procesos industriales, etc.<\/p>\r\n\t\t\t\t<a class=\"masinfo\"  href=\"https:\/\/www.b3fantech.com\/en\/applications\/other\"><\/a>\r\n\t\t\t    <\/div><\/p>","protected":false},"excerpt":{"rendered":"The range of both axial and centrifugal produced by Baltogar are targeted to the following sectors:","protected":false},"author":2,"featured_media":0,"parent":0,"menu_order":0,"comment_status":"open","ping_status":"open","template":"","meta":{"footnotes":""},"class_list":["post-50","page","type-page","status-publish","hentry"],"aioseo_notices":[],"_links":{"self":[{"href":"https:\/\/www.b3fantech.com\/en\/wp-json\/wp\/v2\/pages\/50","targetHints":{"allow":["GET"]}}],"collection":[{"href":"https:\/\/www.b3fantech.com\/en\/wp-json\/wp\/v2\/pages"}],"about":[{"href":"https:\/\/www.b3fantech.com\/en\/wp-json\/wp\/v2\/types\/page"}],"author":[{"embeddable":true,"href":"https:\/\/www.b3fantech.com\/en\/wp-json\/wp\/v2\/users\/2"}],"replies":[{"embeddable":true,"href":"https:\/\/www.b3fantech.com\/en\/wp-json\/wp\/v2\/comments?post=50"}],"version-history":[{"count":0,"href":"https:\/\/www.b3fantech.com\/en\/wp-json\/wp\/v2\/pages\/50\/revisions"}],"wp:attachment":[{"href":"https:\/\/www.b3fantech.com\/en\/wp-json\/wp\/v2\/media?parent=50"}],"curies":[{"name":"wp","href":"https:\/\/api.w.org\/{rel}","templated":true}]}}